{"id":2800,"date":"2026-04-06T18:41:07","date_gmt":"2026-04-06T16:41:07","guid":{"rendered":"https:\/\/anno-companion.com\/117\/?page_id=2800"},"modified":"2026-04-06T19:02:09","modified_gmt":"2026-04-06T17:02:09","slug":"mod-manager","status":"publish","type":"page","link":"https:\/\/anno-companion.com\/117\/de\/modifikationen\/mod-manager\/","title":{"rendered":"Anno 117 Mod Manager"},"content":{"rendered":"\t\t<div data-elementor-type=\"wp-page\" data-elementor-id=\"2800\" class=\"elementor elementor-2800\">\n\t\t\t\t<div class=\"elementor-element elementor-element-d7c5ec3 e-flex e-con-boxed e-con e-parent\" data-id=\"d7c5ec3\" data-element_type=\"container\" data-e-type=\"container\">\n\t\t\t\t\t<div class=\"e-con-inner\">\n\t\t\t\t<div class=\"elementor-element elementor-element-9da2763 elementor-widget elementor-widget-heading\" data-id=\"9da2763\" data-element_type=\"widget\" data-e-type=\"widget\" data-widget_type=\"heading.default\">\n\t\t\t\t\t<h1 class=\"elementor-heading-title elementor-size-default\">Anno 117 - Mod Manager<\/h1>\t\t\t\t<\/div>\n\t\t\t\t\t<\/div>\n\t\t\t\t<\/div>\n\t\t<div class=\"elementor-element elementor-element-51f9242 e-flex e-con-boxed e-con e-parent\" data-id=\"51f9242\" data-element_type=\"container\" data-e-type=\"container\">\n\t\t\t\t\t<div class=\"e-con-inner\">\n\t\t\t\t<div class=\"elementor-element elementor-element-b3c5063 elementor-widget-divider--view-line elementor-widget elementor-widget-divider\" data-id=\"b3c5063\" data-element_type=\"widget\" data-e-type=\"widget\" data-widget_type=\"divider.default\">\n\t\t\t\t\t\t\t<div class=\"elementor-divider\">\n\t\t\t<span class=\"elementor-divider-separator\">\n\t\t\t\t\t\t<\/span>\n\t\t<\/div>\n\t\t\t\t\t\t<\/div>\n\t\t\t\t\t<\/div>\n\t\t\t\t<\/div>\n\t\t<div class=\"elementor-element elementor-element-ee8e219 e-flex e-con-boxed e-con e-parent\" data-id=\"ee8e219\" data-element_type=\"container\" data-e-type=\"container\">\n\t\t\t\t\t<div class=\"e-con-inner\">\n\t\t\t\t<div class=\"elementor-element elementor-element-bbd4262 elementor-widget elementor-widget-text-editor\" data-id=\"bbd4262\" data-element_type=\"widget\" data-e-type=\"widget\" data-widget_type=\"text-editor.default\">\n\t\t\t\t\t\t\t\t\t<p style=\"text-align: center;\">Die Desktop-Anwendung zur Verwaltung von Mods f\u00fcr <em>Anno 117: Pax Romana<\/em>! Sie deckt den gesamten Mod-Workflow ab \u2013 vom Aktivieren von Mods \u00fcber das Durchsuchen und Installieren von Mods von <a href=\"https:\/\/mod.io\/g\/anno-117-pax-romana\" target=\"_blank\" rel=\"noopener\">mod.io<\/a> bis hin zum Verfolgen kuratierter Sammlungen, dem Anpassen von Mod-Optionen und dem Verwalten der installierten Mods mithilfe eigener Presets.<\/p>\t\t\t\t\t\t\t\t<\/div>\n\t\t\t\t<div class=\"elementor-element elementor-element-e361dae elementor-align-center e-transform elementor-widget elementor-widget-button\" data-id=\"e361dae\" data-element_type=\"widget\" data-e-type=\"widget\" data-settings=\"{&quot;_transform_scaleX_effect&quot;:{&quot;unit&quot;:&quot;px&quot;,&quot;size&quot;:&quot;&quot;,&quot;sizes&quot;:[]},&quot;_transform_scaleX_effect_tablet&quot;:{&quot;unit&quot;:&quot;px&quot;,&quot;size&quot;:&quot;&quot;,&quot;sizes&quot;:[]},&quot;_transform_scaleX_effect_mobile&quot;:{&quot;unit&quot;:&quot;px&quot;,&quot;size&quot;:&quot;&quot;,&quot;sizes&quot;:[]},&quot;_transform_scaleY_effect&quot;:{&quot;unit&quot;:&quot;px&quot;,&quot;size&quot;:&quot;&quot;,&quot;sizes&quot;:[]},&quot;_transform_scaleY_effect_tablet&quot;:{&quot;unit&quot;:&quot;px&quot;,&quot;size&quot;:&quot;&quot;,&quot;sizes&quot;:[]},&quot;_transform_scaleY_effect_mobile&quot;:{&quot;unit&quot;:&quot;px&quot;,&quot;size&quot;:&quot;&quot;,&quot;sizes&quot;:[]}}\" data-widget_type=\"button.default\">\n\t\t\t\t\t\t\t\t\t\t<a class=\"elementor-button elementor-button-link elementor-size-sm\" href=\"https:\/\/github.com\/Taludas\/Anno-117-Mod-Manager\/releases\/latest\/download\/Anno.117.Mod.Manager.exe\" target=\"_blank\">\n\t\t\t\t\t\t<span class=\"elementor-button-content-wrapper\">\n\t\t\t\t\t\t\t\t\t<span class=\"elementor-button-text\">Jetzt herunterladen!<\/span>\n\t\t\t\t\t<\/span>\n\t\t\t\t\t<\/a>\n\t\t\t\t\t\t\t\t<\/div>\n\t\t\t\t<div class=\"elementor-element elementor-element-d420a2b elementor-widget elementor-widget-image\" data-id=\"d420a2b\" data-element_type=\"widget\" data-e-type=\"widget\" data-widget_type=\"image.default\">\n\t\t\t\t\t\t\t\t\t\t\t\t\t\t\t\t<a href=\"https:\/\/anno-companion.com\/117\/wp-content\/uploads\/sites\/2\/2026\/04\/thumbnail_de.jpg\" data-elementor-open-lightbox=\"yes\" data-elementor-lightbox-title=\"thumbnail_de\" data-e-action-hash=\"#elementor-action%3Aaction%3Dlightbox%26settings%3DeyJpZCI6Mjc5NiwidXJsIjoiaHR0cHM6XC9cL2Fubm8tY29tcGFuaW9uLmNvbVwvMTE3XC93cC1jb250ZW50XC91cGxvYWRzXC9zaXRlc1wvMlwvMjAyNlwvMDRcL3RodW1ibmFpbF9kZS5qcGcifQ%3D%3D\">\n\t\t\t\t\t\t\t<img fetchpriority=\"high\" decoding=\"async\" width=\"800\" height=\"450\" src=\"https:\/\/anno-companion.com\/117\/wp-content\/uploads\/sites\/2\/2026\/04\/thumbnail_de.jpg\" class=\"attachment-large size-large wp-image-2796\" alt=\"\" \/>\t\t\t\t\t\t\t\t<\/a>\n\t\t\t\t\t\t\t\t\t\t\t\t\t\t\t<\/div>\n\t\t\t\t\t<\/div>\n\t\t\t\t<\/div>\n\t\t<div class=\"elementor-element elementor-element-c33c2fe e-flex e-con-boxed e-con e-parent\" data-id=\"c33c2fe\" data-element_type=\"container\" data-e-type=\"container\">\n\t\t\t\t\t<div class=\"e-con-inner\">\n\t\t\t\t<div class=\"elementor-element elementor-element-b702fcd elementor-widget-divider--view-line elementor-widget elementor-widget-divider\" data-id=\"b702fcd\" data-element_type=\"widget\" data-e-type=\"widget\" data-widget_type=\"divider.default\">\n\t\t\t\t\t\t\t<div class=\"elementor-divider\">\n\t\t\t<span class=\"elementor-divider-separator\">\n\t\t\t\t\t\t<\/span>\n\t\t<\/div>\n\t\t\t\t\t\t<\/div>\n\t\t\t\t<div class=\"elementor-element elementor-element-d430b3b elementor-widget elementor-widget-heading\" data-id=\"d430b3b\" data-element_type=\"widget\" data-e-type=\"widget\" data-widget_type=\"heading.default\">\n\t\t\t\t\t<h2 class=\"elementor-heading-title elementor-size-default\">Features<\/h2>\t\t\t\t<\/div>\n\t\t\t\t<div class=\"elementor-element elementor-element-ed81bf8 elementor-widget elementor-widget-text-editor\" data-id=\"ed81bf8\" data-element_type=\"widget\" data-e-type=\"widget\" data-widget_type=\"text-editor.default\">\n\t\t\t\t\t\t\t\t\t<ul><li><p><strong>mod.io Integration:<\/strong> Enth\u00e4lt alle derzeit verf\u00fcgbaren Mods aus dem offiziellen Mod-Hub von <em>ANNO 117: Pax Romana<\/em>.<\/p><\/li><li><strong>Voller Multi-Language Support:<\/strong> Verf\u00fcgbar in allen offiziellen Sprachen des Spiels. Die Benutzeroberfl\u00e4che passt sich an deine bevorzugte Sprache an. Lege deine Standardsprache beim Start einmalig fest oder \u00e4ndere sie in den Einstellungen.<\/li><\/ul><ul><li><strong>News Feed:<\/strong> Beitr\u00e4ge von der Anno Union, neue Uploads auf mod.io, Neuigkeiten zu abonnierten Mods und Reddit&#8217;s r\/anno \u2013 alles in einem Feed, damit du schnell einen \u00dcberblick dar\u00fcber bekommst, was gerade rund um das Spiel los ist.<\/li><\/ul>\t\t\t\t\t\t\t\t<\/div>\n\t\t<div class=\"elementor-element elementor-element-a643a37 e-con-full e-flex e-con e-child\" data-id=\"a643a37\" data-element_type=\"container\" data-e-type=\"container\">\n\t\t<div class=\"elementor-element elementor-element-ab4fbfc e-con-full e-flex e-con e-child\" data-id=\"ab4fbfc\" data-element_type=\"container\" data-e-type=\"container\">\n\t\t\t\t<div class=\"elementor-element elementor-element-090c400 elementor-widget elementor-widget-text-editor\" data-id=\"090c400\" data-element_type=\"widget\" data-e-type=\"widget\" data-widget_type=\"text-editor.default\">\n\t\t\t\t\t\t\t\t\t<h2 style=\"text-align: center;\"><span style=\"text-decoration: underline;\">Mod Aktivierung<\/span><\/h2><p style=\"text-align: center;\">Aktivieren und deaktivieren der installierte Mods ist ganz einfach! Die App warnt vor Konflikten, fehlenden Abh\u00e4ngigkeiten und veralteten Mods, bevor man das Spiel startet \u2013 und zeigt genau an, welche Mods davon betroffen sind.<\/p><h3 style=\"text-align: center;\"><span style=\"text-decoration: underline;\">Ladereihenfolge<\/span><\/h3><p style=\"text-align: center;\">Berechnet automatisch die aktuelle Ladereihenfolge anhand der Abh\u00e4ngigkeitsregeln der einzelnen Mods. Wechsle zur Ansicht \u201eLadereihenfolge\u201c, um die genaue Reihenfolge anzuzeigen, die das Spiel verwendet, um so Fehler leichter zu beheben.<\/p><h3 style=\"text-align: center;\"><span style=\"text-decoration: underline;\">Presets<\/span><\/h3><p style=\"text-align: center;\">Speichere deinen vollst\u00e4ndigen Aktivierungsstatus als benanntes Preset und verwende ihn jederzeit erneut. Das ist n\u00fctzlich, um zwischen verschiedenen Spielst\u00e4nden zu wechseln oder Mod-Konfigurationen mit anderen zu teilen.<\/p><h3 style=\"text-align: center;\"><span style=\"text-decoration: underline;\">Mod-Loader Log<\/span><\/h3><p style=\"text-align: center;\">Zeigt das Mod-Loader-Protokoll direkt in der App an und kopiert es, wenn ein Fehler auftritt, um die Fehlerbehebung zu vereinfachen.<\/p>\t\t\t\t\t\t\t\t<\/div>\n\t\t\t\t<\/div>\n\t\t<div class=\"elementor-element elementor-element-f6cada3 e-con-full e-flex e-con e-child\" data-id=\"f6cada3\" data-element_type=\"container\" data-e-type=\"container\">\n\t\t\t\t<div class=\"elementor-element elementor-element-6c22baf elementor-widget elementor-widget-text-editor\" data-id=\"6c22baf\" data-element_type=\"widget\" data-e-type=\"widget\" data-widget_type=\"text-editor.default\">\n\t\t\t\t\t\t\t\t\t<h2 style=\"text-align: center;\"><span style=\"text-decoration: underline;\">Mod Browser<\/span><\/h2><p style=\"text-align: center;\">St\u00f6bere, suche und installiere Mods von mod.io direkt in der App. Filtere nach Tags oder sortiere nach Downloads, Bewertung oder Ver\u00f6ffentlichungsdatum. Abh\u00e4ngigkeiten werden automatisch heruntergeladen und installiert.<\/p><h3 style=\"text-align: center;\"><span style=\"text-decoration: underline;\">Sammlungen<\/span><\/h3><p style=\"text-align: center;\">Folge kuratierten Mod-Sammlungen auf mod.io. Die App installiert alles auf einmal und erstellt ein gebrauchsfertiges Preset, sodass du jederzeit wieder zu deiner pers\u00f6nlichen Konfiguration zur\u00fcckkehren kannst.<\/p><h3 style=\"text-align: center;\"><span style=\"text-decoration: underline;\">Manuelles Installieren<\/span><\/h3><p style=\"text-align: center;\">Zieh ein ZIP-Archiv per Drag &amp; Drop auf die App oder nutze die Dateiauswahl, um Mods zu installieren, die du au\u00dferhalb von mod.io erhalten hast.<\/p><h3 style=\"text-align: center;\"><span style=\"text-decoration: underline;\">Tweaking<\/span><\/h3><p style=\"text-align: center;\">Passe die von den Autoren bereitgestellten konfigurierbaren Mod-Einstellungen wie Zahlen, An-Aus-Schalter und Optionslisten an, ohne Mod-Dateien manuell bearbeiten zu m\u00fcssen.<\/p>\t\t\t\t\t\t\t\t<\/div>\n\t\t\t\t<\/div>\n\t\t\t\t<\/div>\n\t\t\t\t\t<\/div>\n\t\t\t\t<\/div>\n\t\t\t\t<\/div>\n\t\t","protected":false},"excerpt":{"rendered":"<p>Anno 117 &#8211; Mod Manager Die Desktop-Anwendung zur Verwaltung von Mods f\u00fcr Anno 117: Pax Romana! Sie deckt den gesamten Mod-Workflow ab \u2013 vom Aktivieren von Mods \u00fcber das Durchsuchen und Installieren von Mods von mod.io bis hin zum Verfolgen kuratierter Sammlungen, dem Anpassen von Mod-Optionen und dem Verwalten der installierten Mods mithilfe eigener Presets. [&hellip;]<\/p>\n","protected":false},"author":1,"featured_media":0,"parent":1463,"menu_order":0,"comment_status":"closed","ping_status":"closed","template":"","meta":{"inline_featured_image":false,"footnotes":""},"class_list":["post-2800","page","type-page","status-publish","hentry"],"yoast_head":"<!-- This site is optimized with the Yoast SEO plugin v27.3 - https:\/\/yoast.com\/product\/yoast-seo-wordpress\/ -->\n<title>Anno 117 Mod Manager - Anno Companion - 117 Database<\/title>\n<meta name=\"robots\" content=\"index, follow, max-snippet:-1, max-image-preview:large, max-video-preview:-1\" \/>\n<link rel=\"canonical\" href=\"https:\/\/anno-companion.com\/117\/de\/modifikationen\/mod-manager\/\" \/>\n<meta property=\"og:locale\" content=\"en_GB\" \/>\n<meta property=\"og:type\" content=\"article\" \/>\n<meta property=\"og:title\" content=\"Anno 117 Mod Manager - Anno Companion - 117 Database\" \/>\n<meta property=\"og:description\" content=\"Anno 117 &#8211; Mod Manager Die Desktop-Anwendung zur Verwaltung von Mods f\u00fcr Anno 117: Pax Romana! Sie deckt den gesamten Mod-Workflow ab \u2013 vom Aktivieren von Mods \u00fcber das Durchsuchen und Installieren von Mods von mod.io bis hin zum Verfolgen kuratierter Sammlungen, dem Anpassen von Mod-Optionen und dem Verwalten der installierten Mods mithilfe eigener Presets. [&hellip;]\" \/>\n<meta property=\"og:url\" content=\"https:\/\/anno-companion.com\/117\/de\/modifikationen\/mod-manager\/\" \/>\n<meta property=\"og:site_name\" content=\"Anno Companion - 117 Database\" \/>\n<meta property=\"article:modified_time\" content=\"2026-04-06T17:02:09+00:00\" \/>\n<meta property=\"og:image\" content=\"https:\/\/anno-companion.com\/117\/wp-content\/uploads\/sites\/2\/2026\/04\/thumbnail_de.jpg\" \/>\n\t<meta property=\"og:image:width\" content=\"1920\" \/>\n\t<meta property=\"og:image:height\" content=\"1080\" \/>\n\t<meta property=\"og:image:type\" content=\"image\/jpeg\" \/>\n<meta name=\"twitter:card\" content=\"summary_large_image\" \/>\n<meta name=\"twitter:label1\" content=\"Estimated reading time\" \/>\n\t<meta name=\"twitter:data1\" content=\"2 minutes\" \/>\n<script type=\"application\/ld+json\" class=\"yoast-schema-graph\">{\"@context\":\"https:\\\/\\\/schema.org\",\"@graph\":[{\"@type\":\"WebPage\",\"@id\":\"https:\\\/\\\/anno-companion.com\\\/117\\\/de\\\/modifikationen\\\/mod-manager\\\/\",\"url\":\"https:\\\/\\\/anno-companion.com\\\/117\\\/de\\\/modifikationen\\\/mod-manager\\\/\",\"name\":\"Anno 117 Mod Manager - Anno Companion - 117 Database\",\"isPartOf\":{\"@id\":\"https:\\\/\\\/anno-companion.com\\\/117\\\/#website\"},\"primaryImageOfPage\":{\"@id\":\"https:\\\/\\\/anno-companion.com\\\/117\\\/de\\\/modifikationen\\\/mod-manager\\\/#primaryimage\"},\"image\":{\"@id\":\"https:\\\/\\\/anno-companion.com\\\/117\\\/de\\\/modifikationen\\\/mod-manager\\\/#primaryimage\"},\"thumbnailUrl\":\"https:\\\/\\\/anno-companion.com\\\/117\\\/wp-content\\\/uploads\\\/sites\\\/2\\\/2026\\\/04\\\/thumbnail_de.jpg\",\"datePublished\":\"2026-04-06T16:41:07+00:00\",\"dateModified\":\"2026-04-06T17:02:09+00:00\",\"breadcrumb\":{\"@id\":\"https:\\\/\\\/anno-companion.com\\\/117\\\/de\\\/modifikationen\\\/mod-manager\\\/#breadcrumb\"},\"inLanguage\":\"en-GB\",\"potentialAction\":[{\"@type\":\"ReadAction\",\"target\":[\"https:\\\/\\\/anno-companion.com\\\/117\\\/de\\\/modifikationen\\\/mod-manager\\\/\"]}]},{\"@type\":\"ImageObject\",\"inLanguage\":\"en-GB\",\"@id\":\"https:\\\/\\\/anno-companion.com\\\/117\\\/de\\\/modifikationen\\\/mod-manager\\\/#primaryimage\",\"url\":\"https:\\\/\\\/anno-companion.com\\\/117\\\/wp-content\\\/uploads\\\/sites\\\/2\\\/2026\\\/04\\\/thumbnail_de.jpg\",\"contentUrl\":\"https:\\\/\\\/anno-companion.com\\\/117\\\/wp-content\\\/uploads\\\/sites\\\/2\\\/2026\\\/04\\\/thumbnail_de.jpg\"},{\"@type\":\"BreadcrumbList\",\"@id\":\"https:\\\/\\\/anno-companion.com\\\/117\\\/de\\\/modifikationen\\\/mod-manager\\\/#breadcrumb\",\"itemListElement\":[{\"@type\":\"ListItem\",\"position\":1,\"name\":\"Home\",\"item\":\"https:\\\/\\\/anno-companion.com\\\/117\\\/\"},{\"@type\":\"ListItem\",\"position\":2,\"name\":\"Mods DE\",\"item\":\"https:\\\/\\\/anno-companion.com\\\/117\\\/de\\\/modifikationen\\\/\"},{\"@type\":\"ListItem\",\"position\":3,\"name\":\"Anno 117 Mod Manager\"}]},{\"@type\":\"WebSite\",\"@id\":\"https:\\\/\\\/anno-companion.com\\\/117\\\/#website\",\"url\":\"https:\\\/\\\/anno-companion.com\\\/117\\\/\",\"name\":\"Anno Companion - 117 Database\",\"description\":\"\",\"publisher\":{\"@id\":\"https:\\\/\\\/anno-companion.com\\\/117\\\/#organization\"},\"potentialAction\":[{\"@type\":\"SearchAction\",\"target\":{\"@type\":\"EntryPoint\",\"urlTemplate\":\"https:\\\/\\\/anno-companion.com\\\/117\\\/?s={search_term_string}\"},\"query-input\":{\"@type\":\"PropertyValueSpecification\",\"valueRequired\":true,\"valueName\":\"search_term_string\"}}],\"inLanguage\":\"en-GB\"},{\"@type\":\"Organization\",\"@id\":\"https:\\\/\\\/anno-companion.com\\\/117\\\/#organization\",\"name\":\"Anno Companion - 117 Database\",\"url\":\"https:\\\/\\\/anno-companion.com\\\/117\\\/\",\"logo\":{\"@type\":\"ImageObject\",\"inLanguage\":\"en-GB\",\"@id\":\"https:\\\/\\\/anno-companion.com\\\/117\\\/#\\\/schema\\\/logo\\\/image\\\/\",\"url\":\"https:\\\/\\\/anno-companion.com\\\/117\\\/wp-content\\\/uploads\\\/sites\\\/2\\\/2025\\\/10\\\/anno_companion_logo-4.png\",\"contentUrl\":\"https:\\\/\\\/anno-companion.com\\\/117\\\/wp-content\\\/uploads\\\/sites\\\/2\\\/2025\\\/10\\\/anno_companion_logo-4.png\",\"width\":1440,\"height\":412,\"caption\":\"Anno Companion - 117 Database\"},\"image\":{\"@id\":\"https:\\\/\\\/anno-companion.com\\\/117\\\/#\\\/schema\\\/logo\\\/image\\\/\"}}]}<\/script>\n<!-- \/ Yoast SEO plugin. -->","yoast_head_json":{"title":"Anno 117 Mod Manager - Anno Companion - 117 Database","robots":{"index":"index","follow":"follow","max-snippet":"max-snippet:-1","max-image-preview":"max-image-preview:large","max-video-preview":"max-video-preview:-1"},"canonical":"https:\/\/anno-companion.com\/117\/de\/modifikationen\/mod-manager\/","og_locale":"en_GB","og_type":"article","og_title":"Anno 117 Mod Manager - Anno Companion - 117 Database","og_description":"Anno 117 &#8211; Mod Manager Die Desktop-Anwendung zur Verwaltung von Mods f\u00fcr Anno 117: Pax Romana! Sie deckt den gesamten Mod-Workflow ab \u2013 vom Aktivieren von Mods \u00fcber das Durchsuchen und Installieren von Mods von mod.io bis hin zum Verfolgen kuratierter Sammlungen, dem Anpassen von Mod-Optionen und dem Verwalten der installierten Mods mithilfe eigener Presets. [&hellip;]","og_url":"https:\/\/anno-companion.com\/117\/de\/modifikationen\/mod-manager\/","og_site_name":"Anno Companion - 117 Database","article_modified_time":"2026-04-06T17:02:09+00:00","og_image":[{"width":1920,"height":1080,"url":"https:\/\/anno-companion.com\/117\/wp-content\/uploads\/sites\/2\/2026\/04\/thumbnail_de.jpg","type":"image\/jpeg"}],"twitter_card":"summary_large_image","twitter_misc":{"Estimated reading time":"2 minutes"},"schema":{"@context":"https:\/\/schema.org","@graph":[{"@type":"WebPage","@id":"https:\/\/anno-companion.com\/117\/de\/modifikationen\/mod-manager\/","url":"https:\/\/anno-companion.com\/117\/de\/modifikationen\/mod-manager\/","name":"Anno 117 Mod Manager - Anno Companion - 117 Database","isPartOf":{"@id":"https:\/\/anno-companion.com\/117\/#website"},"primaryImageOfPage":{"@id":"https:\/\/anno-companion.com\/117\/de\/modifikationen\/mod-manager\/#primaryimage"},"image":{"@id":"https:\/\/anno-companion.com\/117\/de\/modifikationen\/mod-manager\/#primaryimage"},"thumbnailUrl":"https:\/\/anno-companion.com\/117\/wp-content\/uploads\/sites\/2\/2026\/04\/thumbnail_de.jpg","datePublished":"2026-04-06T16:41:07+00:00","dateModified":"2026-04-06T17:02:09+00:00","breadcrumb":{"@id":"https:\/\/anno-companion.com\/117\/de\/modifikationen\/mod-manager\/#breadcrumb"},"inLanguage":"en-GB","potentialAction":[{"@type":"ReadAction","target":["https:\/\/anno-companion.com\/117\/de\/modifikationen\/mod-manager\/"]}]},{"@type":"ImageObject","inLanguage":"en-GB","@id":"https:\/\/anno-companion.com\/117\/de\/modifikationen\/mod-manager\/#primaryimage","url":"https:\/\/anno-companion.com\/117\/wp-content\/uploads\/sites\/2\/2026\/04\/thumbnail_de.jpg","contentUrl":"https:\/\/anno-companion.com\/117\/wp-content\/uploads\/sites\/2\/2026\/04\/thumbnail_de.jpg"},{"@type":"BreadcrumbList","@id":"https:\/\/anno-companion.com\/117\/de\/modifikationen\/mod-manager\/#breadcrumb","itemListElement":[{"@type":"ListItem","position":1,"name":"Home","item":"https:\/\/anno-companion.com\/117\/"},{"@type":"ListItem","position":2,"name":"Mods DE","item":"https:\/\/anno-companion.com\/117\/de\/modifikationen\/"},{"@type":"ListItem","position":3,"name":"Anno 117 Mod Manager"}]},{"@type":"WebSite","@id":"https:\/\/anno-companion.com\/117\/#website","url":"https:\/\/anno-companion.com\/117\/","name":"Anno Companion - 117 Database","description":"","publisher":{"@id":"https:\/\/anno-companion.com\/117\/#organization"},"potentialAction":[{"@type":"SearchAction","target":{"@type":"EntryPoint","urlTemplate":"https:\/\/anno-companion.com\/117\/?s={search_term_string}"},"query-input":{"@type":"PropertyValueSpecification","valueRequired":true,"valueName":"search_term_string"}}],"inLanguage":"en-GB"},{"@type":"Organization","@id":"https:\/\/anno-companion.com\/117\/#organization","name":"Anno Companion - 117 Database","url":"https:\/\/anno-companion.com\/117\/","logo":{"@type":"ImageObject","inLanguage":"en-GB","@id":"https:\/\/anno-companion.com\/117\/#\/schema\/logo\/image\/","url":"https:\/\/anno-companion.com\/117\/wp-content\/uploads\/sites\/2\/2025\/10\/anno_companion_logo-4.png","contentUrl":"https:\/\/anno-companion.com\/117\/wp-content\/uploads\/sites\/2\/2025\/10\/anno_companion_logo-4.png","width":1440,"height":412,"caption":"Anno Companion - 117 Database"},"image":{"@id":"https:\/\/anno-companion.com\/117\/#\/schema\/logo\/image\/"}}]}},"_links":{"self":[{"href":"https:\/\/anno-companion.com\/117\/wp-json\/wp\/v2\/pages\/2800","targetHints":{"allow":["GET"]}}],"collection":[{"href":"https:\/\/anno-companion.com\/117\/wp-json\/wp\/v2\/pages"}],"about":[{"href":"https:\/\/anno-companion.com\/117\/wp-json\/wp\/v2\/types\/page"}],"author":[{"embeddable":true,"href":"https:\/\/anno-companion.com\/117\/wp-json\/wp\/v2\/users\/1"}],"replies":[{"embeddable":true,"href":"https:\/\/anno-companion.com\/117\/wp-json\/wp\/v2\/comments?post=2800"}],"version-history":[{"count":8,"href":"https:\/\/anno-companion.com\/117\/wp-json\/wp\/v2\/pages\/2800\/revisions"}],"predecessor-version":[{"id":2825,"href":"https:\/\/anno-companion.com\/117\/wp-json\/wp\/v2\/pages\/2800\/revisions\/2825"}],"up":[{"embeddable":true,"href":"https:\/\/anno-companion.com\/117\/wp-json\/wp\/v2\/pages\/1463"}],"wp:attachment":[{"href":"https:\/\/anno-companion.com\/117\/wp-json\/wp\/v2\/media?parent=2800"}],"curies":[{"name":"wp","href":"https:\/\/api.w.org\/{rel}","templated":true}]}}