{"id":2463,"date":"2026-03-02T09:56:48","date_gmt":"2026-03-02T08:56:48","guid":{"rendered":"https:\/\/anno-companion.com\/117\/?page_id=2463"},"modified":"2026-03-02T10:19:49","modified_gmt":"2026-03-02T09:19:49","slug":"item-inspektor","status":"publish","type":"page","link":"https:\/\/anno-companion.com\/117\/de\/werkzeuge\/item-inspektor\/","title":{"rendered":"Item Inspector DE"},"content":{"rendered":"\t\t<div data-elementor-type=\"wp-page\" data-elementor-id=\"2463\" class=\"elementor elementor-2463\">\n\t\t\t\t<div class=\"elementor-element elementor-element-6475f81 e-flex e-con-boxed e-con e-parent\" data-id=\"6475f81\" data-element_type=\"container\" data-e-type=\"container\">\n\t\t\t\t\t<div class=\"e-con-inner\">\n\t\t\t\t<div class=\"elementor-element elementor-element-ecabd6a elementor-widget elementor-widget-heading\" data-id=\"ecabd6a\" data-element_type=\"widget\" data-e-type=\"widget\" data-widget_type=\"heading.default\">\n\t\t\t\t\t<h1 class=\"elementor-heading-title elementor-size-default\">Anno 117 - Item Inspektor<\/h1>\t\t\t\t<\/div>\n\t\t\t\t\t<\/div>\n\t\t\t\t<\/div>\n\t\t<div class=\"elementor-element elementor-element-b7e94ca e-flex e-con-boxed e-con e-parent\" data-id=\"b7e94ca\" data-element_type=\"container\" data-e-type=\"container\">\n\t\t\t\t\t<div class=\"e-con-inner\">\n\t\t\t\t<div class=\"elementor-element elementor-element-f9e836f elementor-widget-divider--view-line elementor-widget elementor-widget-divider\" data-id=\"f9e836f\" data-element_type=\"widget\" data-e-type=\"widget\" data-widget_type=\"divider.default\">\n\t\t\t\t\t\t\t<div class=\"elementor-divider\">\n\t\t\t<span class=\"elementor-divider-separator\">\n\t\t\t\t\t\t<\/span>\n\t\t<\/div>\n\t\t\t\t\t\t<\/div>\n\t\t\t\t\t<\/div>\n\t\t\t\t<\/div>\n\t\t<div class=\"elementor-element elementor-element-f271c68 e-flex e-con-boxed e-con e-parent\" data-id=\"f271c68\" data-element_type=\"container\" data-e-type=\"container\">\n\t\t\t\t\t<div class=\"e-con-inner\">\n\t\t\t\t<div class=\"elementor-element elementor-element-2558768 elementor-widget elementor-widget-text-editor\" data-id=\"2558768\" data-element_type=\"widget\" data-e-type=\"widget\" data-widget_type=\"text-editor.default\">\n\t\t\t\t\t\t\t\t\t<p style=\"text-align: center;\">Ein eigenst\u00e4ndiges Desktop-Pogramm zum Durchsuchen, Filtern und Analysieren von Item-Daten f\u00fcr <em>ANNO 117: Pax Romana<\/em>. Dieses Tool bietet eine detaillierte Benutzeroberfl\u00e4che f\u00fcr die Item-Daten des Spiels, mit der Spieler den perfekten Spezialisten oder Kapit\u00e4n f\u00fcr ihr Imperium finden k\u00f6nnen.<\/p>\t\t\t\t\t\t\t\t<\/div>\n\t\t\t\t<div class=\"elementor-element elementor-element-ed0824e elementor-align-center e-transform elementor-widget elementor-widget-button\" data-id=\"ed0824e\" data-element_type=\"widget\" data-e-type=\"widget\" data-settings=\"{&quot;_transform_scaleX_effect&quot;:{&quot;unit&quot;:&quot;px&quot;,&quot;size&quot;:&quot;&quot;,&quot;sizes&quot;:[]},&quot;_transform_scaleX_effect_tablet&quot;:{&quot;unit&quot;:&quot;px&quot;,&quot;size&quot;:&quot;&quot;,&quot;sizes&quot;:[]},&quot;_transform_scaleX_effect_mobile&quot;:{&quot;unit&quot;:&quot;px&quot;,&quot;size&quot;:&quot;&quot;,&quot;sizes&quot;:[]},&quot;_transform_scaleY_effect&quot;:{&quot;unit&quot;:&quot;px&quot;,&quot;size&quot;:&quot;&quot;,&quot;sizes&quot;:[]},&quot;_transform_scaleY_effect_tablet&quot;:{&quot;unit&quot;:&quot;px&quot;,&quot;size&quot;:&quot;&quot;,&quot;sizes&quot;:[]},&quot;_transform_scaleY_effect_mobile&quot;:{&quot;unit&quot;:&quot;px&quot;,&quot;size&quot;:&quot;&quot;,&quot;sizes&quot;:[]}}\" data-widget_type=\"button.default\">\n\t\t\t\t\t\t\t\t\t\t<a class=\"elementor-button elementor-button-link elementor-size-sm\" href=\"https:\/\/github.com\/Taludas\/Anno-117-Item-Inspector\/releases\/latest\/download\/Anno117_ItemInspector.exe\" target=\"_blank\">\n\t\t\t\t\t\t<span class=\"elementor-button-content-wrapper\">\n\t\t\t\t\t\t\t\t\t<span class=\"elementor-button-text\">Jetzt herunterladen!<\/span>\n\t\t\t\t\t<\/span>\n\t\t\t\t\t<\/a>\n\t\t\t\t\t\t\t\t<\/div>\n\t\t\t\t<div class=\"elementor-element elementor-element-f4ca917 elementor-widget elementor-widget-image\" data-id=\"f4ca917\" data-element_type=\"widget\" data-e-type=\"widget\" data-widget_type=\"image.default\">\n\t\t\t\t\t\t\t\t\t\t\t\t\t\t\t\t<a href=\"https:\/\/anno-companion.com\/117\/wp-content\/uploads\/sites\/2\/2026\/03\/thumbnail_de.jpg\" data-elementor-open-lightbox=\"yes\" data-elementor-lightbox-title=\"thumbnail_de\" data-e-action-hash=\"#elementor-action%3Aaction%3Dlightbox%26settings%3DeyJpZCI6MjQ1MiwidXJsIjoiaHR0cHM6XC9cL2Fubm8tY29tcGFuaW9uLmNvbVwvMTE3XC93cC1jb250ZW50XC91cGxvYWRzXC9zaXRlc1wvMlwvMjAyNlwvMDNcL3RodW1ibmFpbF9kZS5qcGcifQ%3D%3D\">\n\t\t\t\t\t\t\t<img fetchpriority=\"high\" decoding=\"async\" width=\"800\" height=\"450\" src=\"https:\/\/anno-companion.com\/117\/wp-content\/uploads\/sites\/2\/2026\/03\/thumbnail_de-1024x576.jpg\" class=\"attachment-large size-large wp-image-2452\" alt=\"\" srcset=\"https:\/\/anno-companion.com\/117\/wp-content\/uploads\/sites\/2\/2026\/03\/thumbnail_de-1024x576.jpg 1024w, https:\/\/anno-companion.com\/117\/wp-content\/uploads\/sites\/2\/2026\/03\/thumbnail_de-300x169.jpg 300w, https:\/\/anno-companion.com\/117\/wp-content\/uploads\/sites\/2\/2026\/03\/thumbnail_de-768x432.jpg 768w, https:\/\/anno-companion.com\/117\/wp-content\/uploads\/sites\/2\/2026\/03\/thumbnail_de-1536x864.jpg 1536w, https:\/\/anno-companion.com\/117\/wp-content\/uploads\/sites\/2\/2026\/03\/thumbnail_de.jpg 1920w\" sizes=\"(max-width: 800px) 100vw, 800px\" \/>\t\t\t\t\t\t\t\t<\/a>\n\t\t\t\t\t\t\t\t\t\t\t\t\t\t\t<\/div>\n\t\t\t\t\t<\/div>\n\t\t\t\t<\/div>\n\t\t<div class=\"elementor-element elementor-element-11ee714 e-flex e-con-boxed e-con e-parent\" data-id=\"11ee714\" data-element_type=\"container\" data-e-type=\"container\">\n\t\t\t\t\t<div class=\"e-con-inner\">\n\t\t\t\t<div class=\"elementor-element elementor-element-a7f608d elementor-widget-divider--view-line elementor-widget elementor-widget-divider\" data-id=\"a7f608d\" data-element_type=\"widget\" data-e-type=\"widget\" data-widget_type=\"divider.default\">\n\t\t\t\t\t\t\t<div class=\"elementor-divider\">\n\t\t\t<span class=\"elementor-divider-separator\">\n\t\t\t\t\t\t<\/span>\n\t\t<\/div>\n\t\t\t\t\t\t<\/div>\n\t\t\t\t<div class=\"elementor-element elementor-element-d874c04 elementor-widget elementor-widget-heading\" data-id=\"d874c04\" data-element_type=\"widget\" data-e-type=\"widget\" data-widget_type=\"heading.default\">\n\t\t\t\t\t<h2 class=\"elementor-heading-title elementor-size-default\">Features<\/h2>\t\t\t\t<\/div>\n\t\t\t\t<div class=\"elementor-element elementor-element-cc76f62 elementor-widget elementor-widget-text-editor\" data-id=\"cc76f62\" data-element_type=\"widget\" data-e-type=\"widget\" data-widget_type=\"text-editor.default\">\n\t\t\t\t\t\t\t\t\t<ul><li>Vollst\u00e4ndige Datenbank: Enth\u00e4lt alle derzeit in <em>ANNO 117: Pax Romana<\/em> verf\u00fcgbaren Items.<\/li><li>Vollst\u00e4ndige Mehrsprachen-Unterst\u00fctzung: Verf\u00fcgbar in allen offiziellen Spiel-Sprachen. Die Daten passen sich automatisch an die eingestellte Sprache an. Einmalig die Standardsprache beim Start festlegen oder jederzeit \u00fcber das &#8220;Language&#8221;-Men\u00fc \u00e4ndern.<\/li><\/ul>\t\t\t\t\t\t\t\t<\/div>\n\t\t\t\t<div class=\"elementor-element elementor-element-1b8f4eb elementor-widget elementor-widget-image\" data-id=\"1b8f4eb\" data-element_type=\"widget\" data-e-type=\"widget\" data-widget_type=\"image.default\">\n\t\t\t\t\t\t\t\t\t\t\t\t\t\t\t\t<a href=\"https:\/\/anno-companion.com\/117\/wp-content\/uploads\/sites\/2\/2026\/03\/features_de.jpg\" data-elementor-open-lightbox=\"yes\" data-elementor-lightbox-title=\"features_de\" data-e-action-hash=\"#elementor-action%3Aaction%3Dlightbox%26settings%3DeyJpZCI6MjQ1NCwidXJsIjoiaHR0cHM6XC9cL2Fubm8tY29tcGFuaW9uLmNvbVwvMTE3XC93cC1jb250ZW50XC91cGxvYWRzXC9zaXRlc1wvMlwvMjAyNlwvMDNcL2ZlYXR1cmVzX2RlLmpwZyJ9\">\n\t\t\t\t\t\t\t<img decoding=\"async\" width=\"800\" height=\"450\" src=\"https:\/\/anno-companion.com\/117\/wp-content\/uploads\/sites\/2\/2026\/03\/features_de-1024x576.jpg\" class=\"attachment-large size-large wp-image-2454\" alt=\"\" srcset=\"https:\/\/anno-companion.com\/117\/wp-content\/uploads\/sites\/2\/2026\/03\/features_de-1024x576.jpg 1024w, https:\/\/anno-companion.com\/117\/wp-content\/uploads\/sites\/2\/2026\/03\/features_de-300x169.jpg 300w, https:\/\/anno-companion.com\/117\/wp-content\/uploads\/sites\/2\/2026\/03\/features_de-768x432.jpg 768w, https:\/\/anno-companion.com\/117\/wp-content\/uploads\/sites\/2\/2026\/03\/features_de-1536x864.jpg 1536w, https:\/\/anno-companion.com\/117\/wp-content\/uploads\/sites\/2\/2026\/03\/features_de.jpg 1920w\" sizes=\"(max-width: 800px) 100vw, 800px\" \/>\t\t\t\t\t\t\t\t<\/a>\n\t\t\t\t\t\t\t\t\t\t\t\t\t\t\t<\/div>\n\t\t<div class=\"elementor-element elementor-element-b1f1aa8 e-con-full e-flex e-con e-child\" data-id=\"b1f1aa8\" data-element_type=\"container\" data-e-type=\"container\">\n\t\t<div class=\"elementor-element elementor-element-1b5dbbd e-con-full e-flex e-con e-child\" data-id=\"1b5dbbd\" data-element_type=\"container\" data-e-type=\"container\">\n\t\t\t\t<div class=\"elementor-element elementor-element-c4a0e1f elementor-widget elementor-widget-text-editor\" data-id=\"c4a0e1f\" data-element_type=\"widget\" data-e-type=\"widget\" data-widget_type=\"text-editor.default\">\n\t\t\t\t\t\t\t\t\t<h3 style=\"text-align: center;\"><span style=\"text-decoration: underline;\">Umfassende Item-Daten<\/span><\/h3><p>Jeder Datenbankeintrag ist in zwei verschiedene Abschnitte unterteilt:<\/p><h4 style=\"text-align: center;\"><span style=\"text-decoration: underline;\">Grundlegende Informationen<\/span><\/h4><ul><li>Visuelle Elemente: Icon und Name des Items.<\/li><li>Kontext: Subtext und Nische.<\/li><li>Metadaten: Seltenheit, GUID, Spielversion und Sockel.<\/li><\/ul><h4 style=\"text-align: center;\"><span style=\"text-decoration: underline;\">Deep Dive Details<\/span><\/h4><ul><li>Beeinflusste Geb\u00e4ude\/Einheiten: Welche Geb\u00e4ude oder Einheiten werden beeinflusst \u2013 bei Items mit mehreren Zielen (unter Verwendung von Asset-Pools) kann der Mauszeiger \u00fcber den hellblau unterstrichenen Namen des Asset-Pools bewegt werden, um alle einzelnen Ziele anzuzeigen. Durch einen Klick auf den Namen kann der Infotip angeheftet werden (zum Scrollen bei z.B. Macrobius).<\/li><li>Buffs und Werte: Alle Itemeffekte werden mit ihren prozentualen Werten in einem \u00fcbersichtlichen Layout dargestellt.<\/li><li>Boost-Logik: Spezifische Boost-Bedingungen und die entsprechenden Boost-Buffs f\u00fcr legend\u00e4re Items.<\/li><li>Kaufkosten<\/li><li>Quellen: Alle Itemquellen (H\u00e4ndler, Vertr\u00e4ge, Rewardpools, Questbelohnungen, Festivals oder spezifische Forschung) mit Angabe der Wahrscheinlichkeiten, sofern zutreffend. Bewegt den Mauszeiger \u00fcber die \u00dcberschrift \u201eItem-Quelle\u201c, um eine Legende zur Interpretation der Symbole in der Liste anzuzeigen.<\/li><\/ul>\t\t\t\t\t\t\t\t<\/div>\n\t\t\t\t<\/div>\n\t\t<div class=\"elementor-element elementor-element-1159a44 e-con-full e-flex e-con e-child\" data-id=\"1159a44\" data-element_type=\"container\" data-e-type=\"container\">\n\t\t\t\t<div class=\"elementor-element elementor-element-4fc4b29 elementor-widget elementor-widget-text-editor\" data-id=\"4fc4b29\" data-element_type=\"widget\" data-e-type=\"widget\" data-widget_type=\"text-editor.default\">\n\t\t\t\t\t\t\t\t\t<h3 style=\"text-align: center;\"><span style=\"text-decoration: underline;\"><span style=\"color: inherit; font-family: inherit; font-size: 1.5rem; text-decoration: underline;\">Filter-System<\/span><\/span><\/h3><ul><li>Suche \u00fcber mehrere Kategorien: Filtert Gegenst\u00e4nde nach Seltenheit, Sockel, Nische, Ziel, Effekten und Quelle.<\/li><li>Intelligente &#8220;Effektzusammenf\u00fchrung&#8221;: Eine einheitliche Filterlogik, die \u00e4hnliche Attribute \u00fcber verschiedene Datentypen hinweg zusammenf\u00fchrt (Attribut alleine, Attribut durch ge\u00e4ndertes Bed\u00fcrfnis, extra Attribute durch Bereichseffekte).<\/li><li>Spielversionsverlauf: Filtern der Items, die in bestimmten Spielversionen eingef\u00fchrt wurden (f\u00fcr zuk\u00fcnftige DLC-Ver\u00f6ffentlichungen).<\/li><li>&#8220;Intelligente&#8221; Suchleiste: manuell kann nach (Teilen des) Namen des Items, GUID, (Teilen des) Namens der Effekte, Zielen usw. gesucht werden. Einfach eingeben, wonach gesucht wird, und die Eingabetaste dr\u00fccken oder die Suchschaltfl\u00e4che bet\u00e4tigen.<\/li><li>Durch den &#8220;Clear All&#8221; Button kann man den Filter komplett zur\u00fccksetzen.<\/li><\/ul>\t\t\t\t\t\t\t\t<\/div>\n\t\t\t\t<\/div>\n\t\t\t\t<\/div>\n\t\t\t\t\t<\/div>\n\t\t\t\t<\/div>\n\t\t\t\t<\/div>\n\t\t","protected":false},"excerpt":{"rendered":"<p>Anno 117 &#8211; Item Inspektor Ein eigenst\u00e4ndiges Desktop-Pogramm zum Durchsuchen, Filtern und Analysieren von Item-Daten f\u00fcr ANNO 117: Pax Romana. Dieses Tool bietet eine detaillierte Benutzeroberfl\u00e4che f\u00fcr die Item-Daten des Spiels, mit der Spieler den perfekten Spezialisten oder Kapit\u00e4n f\u00fcr ihr Imperium finden k\u00f6nnen. Jetzt herunterladen! Features Vollst\u00e4ndige Datenbank: Enth\u00e4lt alle derzeit in ANNO 117: [&hellip;]<\/p>\n","protected":false},"author":1,"featured_media":0,"parent":1479,"menu_order":0,"comment_status":"closed","ping_status":"closed","template":"","meta":{"inline_featured_image":false,"footnotes":""},"class_list":["post-2463","page","type-page","status-publish","hentry"],"yoast_head":"<!-- This site is optimized with the Yoast SEO plugin v27.4 - https:\/\/yoast.com\/product\/yoast-seo-wordpress\/ -->\n<title>Item Inspector DE - Anno Companion - 117 Database<\/title>\n<meta name=\"robots\" content=\"index, follow, max-snippet:-1, max-image-preview:large, max-video-preview:-1\" \/>\n<link rel=\"canonical\" href=\"https:\/\/anno-companion.com\/117\/de\/werkzeuge\/item-inspektor\/\" \/>\n<meta property=\"og:locale\" content=\"en_GB\" \/>\n<meta property=\"og:type\" content=\"article\" \/>\n<meta property=\"og:title\" content=\"Item Inspector DE - Anno Companion - 117 Database\" \/>\n<meta property=\"og:description\" content=\"Anno 117 &#8211; Item Inspektor Ein eigenst\u00e4ndiges Desktop-Pogramm zum Durchsuchen, Filtern und Analysieren von Item-Daten f\u00fcr ANNO 117: Pax Romana. Dieses Tool bietet eine detaillierte Benutzeroberfl\u00e4che f\u00fcr die Item-Daten des Spiels, mit der Spieler den perfekten Spezialisten oder Kapit\u00e4n f\u00fcr ihr Imperium finden k\u00f6nnen. Jetzt herunterladen! Features Vollst\u00e4ndige Datenbank: Enth\u00e4lt alle derzeit in ANNO 117: [&hellip;]\" \/>\n<meta property=\"og:url\" content=\"https:\/\/anno-companion.com\/117\/de\/werkzeuge\/item-inspektor\/\" \/>\n<meta property=\"og:site_name\" content=\"Anno Companion - 117 Database\" \/>\n<meta property=\"article:modified_time\" content=\"2026-03-02T09:19:49+00:00\" \/>\n<meta property=\"og:image\" content=\"https:\/\/anno-companion.com\/117\/wp-content\/uploads\/sites\/2\/2026\/03\/thumbnail_de.jpg\" \/>\n\t<meta property=\"og:image:width\" content=\"1920\" \/>\n\t<meta property=\"og:image:height\" content=\"1080\" \/>\n\t<meta property=\"og:image:type\" content=\"image\/jpeg\" \/>\n<meta name=\"twitter:card\" content=\"summary_large_image\" \/>\n<meta name=\"twitter:label1\" content=\"Estimated reading time\" \/>\n\t<meta name=\"twitter:data1\" content=\"2 minutes\" \/>\n<script type=\"application\/ld+json\" class=\"yoast-schema-graph\">{\"@context\":\"https:\\\/\\\/schema.org\",\"@graph\":[{\"@type\":\"WebPage\",\"@id\":\"https:\\\/\\\/anno-companion.com\\\/117\\\/de\\\/werkzeuge\\\/item-inspektor\\\/\",\"url\":\"https:\\\/\\\/anno-companion.com\\\/117\\\/de\\\/werkzeuge\\\/item-inspektor\\\/\",\"name\":\"Item Inspector DE - Anno Companion - 117 Database\",\"isPartOf\":{\"@id\":\"https:\\\/\\\/anno-companion.com\\\/117\\\/#website\"},\"primaryImageOfPage\":{\"@id\":\"https:\\\/\\\/anno-companion.com\\\/117\\\/de\\\/werkzeuge\\\/item-inspektor\\\/#primaryimage\"},\"image\":{\"@id\":\"https:\\\/\\\/anno-companion.com\\\/117\\\/de\\\/werkzeuge\\\/item-inspektor\\\/#primaryimage\"},\"thumbnailUrl\":\"https:\\\/\\\/anno-companion.com\\\/117\\\/wp-content\\\/uploads\\\/sites\\\/2\\\/2026\\\/03\\\/thumbnail_de-1024x576.jpg\",\"datePublished\":\"2026-03-02T08:56:48+00:00\",\"dateModified\":\"2026-03-02T09:19:49+00:00\",\"breadcrumb\":{\"@id\":\"https:\\\/\\\/anno-companion.com\\\/117\\\/de\\\/werkzeuge\\\/item-inspektor\\\/#breadcrumb\"},\"inLanguage\":\"en-GB\",\"potentialAction\":[{\"@type\":\"ReadAction\",\"target\":[\"https:\\\/\\\/anno-companion.com\\\/117\\\/de\\\/werkzeuge\\\/item-inspektor\\\/\"]}]},{\"@type\":\"ImageObject\",\"inLanguage\":\"en-GB\",\"@id\":\"https:\\\/\\\/anno-companion.com\\\/117\\\/de\\\/werkzeuge\\\/item-inspektor\\\/#primaryimage\",\"url\":\"https:\\\/\\\/anno-companion.com\\\/117\\\/wp-content\\\/uploads\\\/sites\\\/2\\\/2026\\\/03\\\/thumbnail_de.jpg\",\"contentUrl\":\"https:\\\/\\\/anno-companion.com\\\/117\\\/wp-content\\\/uploads\\\/sites\\\/2\\\/2026\\\/03\\\/thumbnail_de.jpg\",\"width\":1920,\"height\":1080},{\"@type\":\"BreadcrumbList\",\"@id\":\"https:\\\/\\\/anno-companion.com\\\/117\\\/de\\\/werkzeuge\\\/item-inspektor\\\/#breadcrumb\",\"itemListElement\":[{\"@type\":\"ListItem\",\"position\":1,\"name\":\"Home\",\"item\":\"https:\\\/\\\/anno-companion.com\\\/117\\\/\"},{\"@type\":\"ListItem\",\"position\":2,\"name\":\"Tools\",\"item\":\"https:\\\/\\\/anno-companion.com\\\/117\\\/de\\\/werkzeuge\\\/\"},{\"@type\":\"ListItem\",\"position\":3,\"name\":\"Item Inspector DE\"}]},{\"@type\":\"WebSite\",\"@id\":\"https:\\\/\\\/anno-companion.com\\\/117\\\/#website\",\"url\":\"https:\\\/\\\/anno-companion.com\\\/117\\\/\",\"name\":\"Anno Companion - 117 Database\",\"description\":\"\",\"publisher\":{\"@id\":\"https:\\\/\\\/anno-companion.com\\\/117\\\/#organization\"},\"potentialAction\":[{\"@type\":\"SearchAction\",\"target\":{\"@type\":\"EntryPoint\",\"urlTemplate\":\"https:\\\/\\\/anno-companion.com\\\/117\\\/?s={search_term_string}\"},\"query-input\":{\"@type\":\"PropertyValueSpecification\",\"valueRequired\":true,\"valueName\":\"search_term_string\"}}],\"inLanguage\":\"en-GB\"},{\"@type\":\"Organization\",\"@id\":\"https:\\\/\\\/anno-companion.com\\\/117\\\/#organization\",\"name\":\"Anno Companion - 117 Database\",\"url\":\"https:\\\/\\\/anno-companion.com\\\/117\\\/\",\"logo\":{\"@type\":\"ImageObject\",\"inLanguage\":\"en-GB\",\"@id\":\"https:\\\/\\\/anno-companion.com\\\/117\\\/#\\\/schema\\\/logo\\\/image\\\/\",\"url\":\"https:\\\/\\\/anno-companion.com\\\/117\\\/wp-content\\\/uploads\\\/sites\\\/2\\\/2025\\\/10\\\/anno_companion_logo-4.png\",\"contentUrl\":\"https:\\\/\\\/anno-companion.com\\\/117\\\/wp-content\\\/uploads\\\/sites\\\/2\\\/2025\\\/10\\\/anno_companion_logo-4.png\",\"width\":1440,\"height\":412,\"caption\":\"Anno Companion - 117 Database\"},\"image\":{\"@id\":\"https:\\\/\\\/anno-companion.com\\\/117\\\/#\\\/schema\\\/logo\\\/image\\\/\"}}]}<\/script>\n<!-- \/ Yoast SEO plugin. -->","yoast_head_json":{"title":"Item Inspector DE - Anno Companion - 117 Database","robots":{"index":"index","follow":"follow","max-snippet":"max-snippet:-1","max-image-preview":"max-image-preview:large","max-video-preview":"max-video-preview:-1"},"canonical":"https:\/\/anno-companion.com\/117\/de\/werkzeuge\/item-inspektor\/","og_locale":"en_GB","og_type":"article","og_title":"Item Inspector DE - Anno Companion - 117 Database","og_description":"Anno 117 &#8211; Item Inspektor Ein eigenst\u00e4ndiges Desktop-Pogramm zum Durchsuchen, Filtern und Analysieren von Item-Daten f\u00fcr ANNO 117: Pax Romana. Dieses Tool bietet eine detaillierte Benutzeroberfl\u00e4che f\u00fcr die Item-Daten des Spiels, mit der Spieler den perfekten Spezialisten oder Kapit\u00e4n f\u00fcr ihr Imperium finden k\u00f6nnen. Jetzt herunterladen! Features Vollst\u00e4ndige Datenbank: Enth\u00e4lt alle derzeit in ANNO 117: [&hellip;]","og_url":"https:\/\/anno-companion.com\/117\/de\/werkzeuge\/item-inspektor\/","og_site_name":"Anno Companion - 117 Database","article_modified_time":"2026-03-02T09:19:49+00:00","og_image":[{"width":1920,"height":1080,"url":"https:\/\/anno-companion.com\/117\/wp-content\/uploads\/sites\/2\/2026\/03\/thumbnail_de.jpg","type":"image\/jpeg"}],"twitter_card":"summary_large_image","twitter_misc":{"Estimated reading time":"2 minutes"},"schema":{"@context":"https:\/\/schema.org","@graph":[{"@type":"WebPage","@id":"https:\/\/anno-companion.com\/117\/de\/werkzeuge\/item-inspektor\/","url":"https:\/\/anno-companion.com\/117\/de\/werkzeuge\/item-inspektor\/","name":"Item Inspector DE - Anno Companion - 117 Database","isPartOf":{"@id":"https:\/\/anno-companion.com\/117\/#website"},"primaryImageOfPage":{"@id":"https:\/\/anno-companion.com\/117\/de\/werkzeuge\/item-inspektor\/#primaryimage"},"image":{"@id":"https:\/\/anno-companion.com\/117\/de\/werkzeuge\/item-inspektor\/#primaryimage"},"thumbnailUrl":"https:\/\/anno-companion.com\/117\/wp-content\/uploads\/sites\/2\/2026\/03\/thumbnail_de-1024x576.jpg","datePublished":"2026-03-02T08:56:48+00:00","dateModified":"2026-03-02T09:19:49+00:00","breadcrumb":{"@id":"https:\/\/anno-companion.com\/117\/de\/werkzeuge\/item-inspektor\/#breadcrumb"},"inLanguage":"en-GB","potentialAction":[{"@type":"ReadAction","target":["https:\/\/anno-companion.com\/117\/de\/werkzeuge\/item-inspektor\/"]}]},{"@type":"ImageObject","inLanguage":"en-GB","@id":"https:\/\/anno-companion.com\/117\/de\/werkzeuge\/item-inspektor\/#primaryimage","url":"https:\/\/anno-companion.com\/117\/wp-content\/uploads\/sites\/2\/2026\/03\/thumbnail_de.jpg","contentUrl":"https:\/\/anno-companion.com\/117\/wp-content\/uploads\/sites\/2\/2026\/03\/thumbnail_de.jpg","width":1920,"height":1080},{"@type":"BreadcrumbList","@id":"https:\/\/anno-companion.com\/117\/de\/werkzeuge\/item-inspektor\/#breadcrumb","itemListElement":[{"@type":"ListItem","position":1,"name":"Home","item":"https:\/\/anno-companion.com\/117\/"},{"@type":"ListItem","position":2,"name":"Tools","item":"https:\/\/anno-companion.com\/117\/de\/werkzeuge\/"},{"@type":"ListItem","position":3,"name":"Item Inspector DE"}]},{"@type":"WebSite","@id":"https:\/\/anno-companion.com\/117\/#website","url":"https:\/\/anno-companion.com\/117\/","name":"Anno Companion - 117 Database","description":"","publisher":{"@id":"https:\/\/anno-companion.com\/117\/#organization"},"potentialAction":[{"@type":"SearchAction","target":{"@type":"EntryPoint","urlTemplate":"https:\/\/anno-companion.com\/117\/?s={search_term_string}"},"query-input":{"@type":"PropertyValueSpecification","valueRequired":true,"valueName":"search_term_string"}}],"inLanguage":"en-GB"},{"@type":"Organization","@id":"https:\/\/anno-companion.com\/117\/#organization","name":"Anno Companion - 117 Database","url":"https:\/\/anno-companion.com\/117\/","logo":{"@type":"ImageObject","inLanguage":"en-GB","@id":"https:\/\/anno-companion.com\/117\/#\/schema\/logo\/image\/","url":"https:\/\/anno-companion.com\/117\/wp-content\/uploads\/sites\/2\/2025\/10\/anno_companion_logo-4.png","contentUrl":"https:\/\/anno-companion.com\/117\/wp-content\/uploads\/sites\/2\/2025\/10\/anno_companion_logo-4.png","width":1440,"height":412,"caption":"Anno Companion - 117 Database"},"image":{"@id":"https:\/\/anno-companion.com\/117\/#\/schema\/logo\/image\/"}}]}},"_links":{"self":[{"href":"https:\/\/anno-companion.com\/117\/wp-json\/wp\/v2\/pages\/2463","targetHints":{"allow":["GET"]}}],"collection":[{"href":"https:\/\/anno-companion.com\/117\/wp-json\/wp\/v2\/pages"}],"about":[{"href":"https:\/\/anno-companion.com\/117\/wp-json\/wp\/v2\/types\/page"}],"author":[{"embeddable":true,"href":"https:\/\/anno-companion.com\/117\/wp-json\/wp\/v2\/users\/1"}],"replies":[{"embeddable":true,"href":"https:\/\/anno-companion.com\/117\/wp-json\/wp\/v2\/comments?post=2463"}],"version-history":[{"count":7,"href":"https:\/\/anno-companion.com\/117\/wp-json\/wp\/v2\/pages\/2463\/revisions"}],"predecessor-version":[{"id":2483,"href":"https:\/\/anno-companion.com\/117\/wp-json\/wp\/v2\/pages\/2463\/revisions\/2483"}],"up":[{"embeddable":true,"href":"https:\/\/anno-companion.com\/117\/wp-json\/wp\/v2\/pages\/1479"}],"wp:attachment":[{"href":"https:\/\/anno-companion.com\/117\/wp-json\/wp\/v2\/media?parent=2463"}],"curies":[{"name":"wp","href":"https:\/\/api.w.org\/{rel}","templated":true}]}}